{"id":20,"date":"2018-04-11T21:21:00","date_gmt":"2018-04-11T21:21:00","guid":{"rendered":"http:\/\/www.cirugiaginecologica.net\/?page_id=20"},"modified":"2021-05-27T19:31:56","modified_gmt":"2021-05-27T19:31:56","slug":"cirugia-laparoscopica-y-robotica","status":"publish","type":"page","link":"https:\/\/www.cirugiaginecologica.net\/?page_id=20","title":{"rendered":"Cirug\u00eda Ginecol\u00f3gica"},"content":{"rendered":"<p>[vc_row][vc_column][layerslider_vc id=\u00bb14&#8243;][\/vc_column][\/vc_row][vc_row][vc_column width=\u00bb1\/2&#8243; el_class=\u00bbbigP\u00bb][vc_column_text]<\/p>\n<div style=\"text-align: justify;\">Pensando en procurar menos riesgo de complicaci\u00f3n durante la cirug\u00eda, cicatrices m\u00e1s est\u00e9ticas y una recuperaci\u00f3n temprana, desde el 2008 me he estado entrenando en cirug\u00eda laparosc\u00f3pica y rob\u00f3tica en Francia, Espa\u00f1a y Estados Unidos.<\/div>\n<hr \/>\n<div style=\"text-align: justify;\">En el 2018 particip\u00e9 en el programa de educaci\u00f3n continua \u00a0de Cirug\u00eda M\u00ednimamente Invasiva y Rob\u00f3tica de la Cl\u00ednica Mayo en Phoenix, Arizona bajo la supervisi\u00f3n del Dr. Javier Magri\u00f1a, Jefe del Departamento de Ginecolog\u00eda Oncol\u00f3gica, uno de los iniciadores del programa de rob\u00f3tica en Estados Unidos y autor de libro \u201cTextbook of Gynecologic Robotic Surgery\u201d.<\/div>\n<hr \/>\n<div style=\"text-align: justify;\">En el 2017 obtuve el diploma en Cirug\u00eda Laparosc\u00f3pica de la Universidad de Strasbourg en Francia por la realizaci\u00f3n de un entrenamiento intensivo en t\u00e9cnicas de reparaci\u00f3n de complicaciones urol\u00f3gicas liderado por Dr. Thierry Piechaud, Director de Urolog\u00eda de la Universidad de Strasbourg.<\/div>\n<p>[\/vc_column_text][\/vc_column][vc_column width=\u00bb1\/2&#8243; el_class=\u00bbbigP\u00bb][vc_column_text]<\/p>\n<div style=\"text-align: justify;\">En el 2016 el culmin\u00e9 mi maestr\u00eda en Ginecolog\u00eda Endosc\u00f3pica en el Hospital Vall d\u00b4 Hebron de la Universidad Aut\u00f3noma de Barcelona bajo la tutela de el Dr. Antonio Gil, la Dra. Berta Diaz-Feijoo y la Dra. Asunci\u00f3n P\u00e9rez, Directores del departamento de Ginecolog\u00eda Oncol\u00f3gica.<\/div>\n<hr \/>\n<div style=\"text-align: justify;\">\n<blockquote><p>En un ambiente de colaboraci\u00f3n y trabajo en equipo, aprend\u00ed sobre diversos procedimientos de cirug\u00eda laparosc\u00f3pica y rob\u00f3tica de la mano de h\u00e1biles profesionales que hoy considero familia, en mi otra ciudad, Barcelona.<\/p><\/blockquote>\n<\/div>\n<hr \/>\n<div style=\"text-align: justify;\">En el 2008 particip\u00e9 en el programa de educaci\u00f3n continua en Cirug\u00eda Laparosc\u00f3pica en el Hospital Claudius Regaud, en Touluse Francia bajo la gu\u00eda del Dr. Dennis Querleu, Director del servicio de Ginecolog\u00eda Quir\u00fargica del Instituto Nacional de C\u00e1ncer de Francia, pionero en laparoscopia oncol\u00f3gica y Director de la <a href=\"https:\/\/www.esgo.org\/\">Sociedad Europea de Ginecolog\u00eda Oncol\u00f3gica (ESGO)<\/a>.\u00a0 De esta experiencia aprend\u00ed a realizar disecciones de ganglios retroperitoniales en patolog\u00eda de c\u00e1ncer.<\/div>\n<hr \/>\n<div style=\"text-align: justify;\">Soy miembro del la <a href=\"http:\/\/www.esge.com\">Sociedad Europea de Endoscopia Ginecol\u00f3gica (ESGE)<\/a> y la <a href=\"http:\/\/www.aagl.org\">Asociaci\u00f3n Americana de la Laparoscopia Ginecol\u00f3gica (AAGL).<\/a><\/div>\n<div><\/div>\n<div><span class=\"buton b_blue Write buton-1 or ...buton-6 buton-null\"><a href=\"\/hacer-una-cita\/\">Hacer una Cita<\/a><\/span><\/div>\n<p>[\/vc_column_text][\/vc_column][\/vc_row]<\/p>\n","protected":false},"excerpt":{"rendered":"<p>[vc_row][vc_column][layerslider_vc id=\u00bb14&#8243;][\/vc_column][\/vc_row][vc_row][vc_column width=\u00bb1\/2&#8243; el_class=\u00bbbigP\u00bb][vc_column_text] Pensando en procurar menos riesgo de complicaci\u00f3n durante la cirug\u00eda, cicatrices m\u00e1s est\u00e9ticas y una recuperaci\u00f3n temprana, desde el 2008 me he estado entrenando en cirug\u00eda laparosc\u00f3pica y rob\u00f3tica en Francia, Espa\u00f1a y Estados Unidos. En el 2018 particip\u00e9 en el programa de educaci\u00f3n continua \u00a0de Cirug\u00eda M\u00ednimamente Invasiva y Rob\u00f3tica de la Cl\u00ednica Mayo en Phoenix, Arizona bajo la supervisi\u00f3n del Dr. Javier Magri\u00f1a, Jefe del Departamento de Ginecolog\u00eda Oncol\u00f3gica, uno de los iniciadores del programa de rob\u00f3tica en Estados Unidos y autor de libro [&hellip;]<\/p>\n","protected":false},"author":2,"featured_media":0,"parent":0,"menu_order":0,"comment_status":"closed","ping_status":"closed","template":"","meta":{"footnotes":""},"class_list":["post-20","page","type-page","status-publish","hentry"],"yoast_head":"<!-- This site is optimized with the Yoast SEO plugin v17.5 - https:\/\/yoast.com\/wordpress\/plugins\/seo\/ -->\n<meta name=\"description\" content=\"Procedimientos con menos riesgo de complicaci\u00f3n durante la cirug\u00eda, cicatrices m\u00e1s est\u00e9ticas y una recuperaci\u00f3n temprana. Me he capacitado en Francia, Espa\u00f1a y Estados Unidos.\" \/>\n<meta name=\"robots\" content=\"index, follow, max-snippet:-1, max-image-preview:large, max-video-preview:-1\" \/>\n<link rel=\"canonical\" href=\"https:\/\/www.cirugiaginecologica.net\/?page_id=20\" \/>\n<meta property=\"og:locale\" content=\"es_ES\" \/>\n<meta property=\"og:type\" content=\"article\" \/>\n<meta property=\"og:title\" content=\"Cirug\u00eda Laparosc\u00f3pica y Rob\u00f3tica para Ginecolog\u00eda - Dr Julio Godoy Byerly\" \/>\n<meta property=\"og:description\" content=\"Procedimientos con menos riesgo de complicaci\u00f3n durante la cirug\u00eda, cicatrices m\u00e1s est\u00e9ticas y una recuperaci\u00f3n temprana. Me he capacitado en Francia, Espa\u00f1a y Estados Unidos.\" \/>\n<meta property=\"og:url\" content=\"https:\/\/www.cirugiaginecologica.net\/?page_id=20\" \/>\n<meta property=\"og:site_name\" content=\"Cirug\u00eda Ginecol\u00f3gica\" \/>\n<meta property=\"article:publisher\" content=\"https:\/\/www.facebook.com\/cirugiaginecologicapanama\/\" \/>\n<meta property=\"article:modified_time\" content=\"2021-05-27T19:31:56+00:00\" \/>\n<meta name=\"twitter:card\" content=\"summary_large_image\" \/>\n<meta name=\"twitter:label1\" content=\"Tiempo de lectura\" \/>\n\t<meta name=\"twitter:data1\" content=\"2 minutos\" \/>\n<script type=\"application\/ld+json\" class=\"yoast-schema-graph\">{\"@context\":\"https:\/\/schema.org\",\"@graph\":[{\"@type\":\"WebSite\",\"@id\":\"https:\/\/www.cirugiaginecologica.net\/#website\",\"url\":\"https:\/\/www.cirugiaginecologica.net\/\",\"name\":\"Cirug\\u00eda Ginecol\\u00f3gica\",\"description\":\"Dr. Julio Godoy BYERLY\",\"potentialAction\":[{\"@type\":\"SearchAction\",\"target\":{\"@type\":\"EntryPoint\",\"urlTemplate\":\"https:\/\/www.cirugiaginecologica.net\/?s={search_term_string}\"},\"query-input\":\"required name=search_term_string\"}],\"inLanguage\":\"es\"},{\"@type\":\"WebPage\",\"@id\":\"https:\/\/www.cirugiaginecologica.net\/?page_id=20#webpage\",\"url\":\"https:\/\/www.cirugiaginecologica.net\/?page_id=20\",\"name\":\"Cirug\\u00eda Laparosc\\u00f3pica y Rob\\u00f3tica para Ginecolog\\u00eda - Dr Julio Godoy Byerly\",\"isPartOf\":{\"@id\":\"https:\/\/www.cirugiaginecologica.net\/#website\"},\"datePublished\":\"2018-04-11T21:21:00+00:00\",\"dateModified\":\"2021-05-27T19:31:56+00:00\",\"description\":\"Procedimientos con menos riesgo de complicaci\\u00f3n durante la cirug\\u00eda, cicatrices m\\u00e1s est\\u00e9ticas y una recuperaci\\u00f3n temprana. Me he capacitado en Francia, Espa\\u00f1a y Estados Unidos.\",\"breadcrumb\":{\"@id\":\"https:\/\/www.cirugiaginecologica.net\/?page_id=20#breadcrumb\"},\"inLanguage\":\"es\",\"potentialAction\":[{\"@type\":\"ReadAction\",\"target\":[\"https:\/\/www.cirugiaginecologica.net\/?page_id=20\"]}]},{\"@type\":\"BreadcrumbList\",\"@id\":\"https:\/\/www.cirugiaginecologica.net\/?page_id=20#breadcrumb\",\"itemListElement\":[{\"@type\":\"ListItem\",\"position\":1,\"name\":\"Portada\",\"item\":\"https:\/\/www.cirugiaginecologica.net\/\"},{\"@type\":\"ListItem\",\"position\":2,\"name\":\"Cirug\\u00eda Ginecol\\u00f3gica\"}]}]}<\/script>\n<!-- \/ Yoast SEO plugin. -->","yoast_head_json":{"description":"Procedimientos con menos riesgo de complicaci\u00f3n durante la cirug\u00eda, cicatrices m\u00e1s est\u00e9ticas y una recuperaci\u00f3n temprana. Me he capacitado en Francia, Espa\u00f1a y Estados Unidos.","robots":{"index":"index","follow":"follow","max-snippet":"max-snippet:-1","max-image-preview":"max-image-preview:large","max-video-preview":"max-video-preview:-1"},"canonical":"https:\/\/www.cirugiaginecologica.net\/?page_id=20","og_locale":"es_ES","og_type":"article","og_title":"Cirug\u00eda Laparosc\u00f3pica y Rob\u00f3tica para Ginecolog\u00eda - Dr Julio Godoy Byerly","og_description":"Procedimientos con menos riesgo de complicaci\u00f3n durante la cirug\u00eda, cicatrices m\u00e1s est\u00e9ticas y una recuperaci\u00f3n temprana. Me he capacitado en Francia, Espa\u00f1a y Estados Unidos.","og_url":"https:\/\/www.cirugiaginecologica.net\/?page_id=20","og_site_name":"Cirug\u00eda Ginecol\u00f3gica","article_publisher":"https:\/\/www.facebook.com\/cirugiaginecologicapanama\/","article_modified_time":"2021-05-27T19:31:56+00:00","twitter_card":"summary_large_image","twitter_misc":{"Tiempo de lectura":"2 minutos"},"schema":{"@context":"https:\/\/schema.org","@graph":[{"@type":"WebSite","@id":"https:\/\/www.cirugiaginecologica.net\/#website","url":"https:\/\/www.cirugiaginecologica.net\/","name":"Cirug\u00eda Ginecol\u00f3gica","description":"Dr. Julio Godoy BYERLY","potentialAction":[{"@type":"SearchAction","target":{"@type":"EntryPoint","urlTemplate":"https:\/\/www.cirugiaginecologica.net\/?s={search_term_string}"},"query-input":"required name=search_term_string"}],"inLanguage":"es"},{"@type":"WebPage","@id":"https:\/\/www.cirugiaginecologica.net\/?page_id=20#webpage","url":"https:\/\/www.cirugiaginecologica.net\/?page_id=20","name":"Cirug\u00eda Laparosc\u00f3pica y Rob\u00f3tica para Ginecolog\u00eda - Dr Julio Godoy Byerly","isPartOf":{"@id":"https:\/\/www.cirugiaginecologica.net\/#website"},"datePublished":"2018-04-11T21:21:00+00:00","dateModified":"2021-05-27T19:31:56+00:00","description":"Procedimientos con menos riesgo de complicaci\u00f3n durante la cirug\u00eda, cicatrices m\u00e1s est\u00e9ticas y una recuperaci\u00f3n temprana. Me he capacitado en Francia, Espa\u00f1a y Estados Unidos.","breadcrumb":{"@id":"https:\/\/www.cirugiaginecologica.net\/?page_id=20#breadcrumb"},"inLanguage":"es","potentialAction":[{"@type":"ReadAction","target":["https:\/\/www.cirugiaginecologica.net\/?page_id=20"]}]},{"@type":"BreadcrumbList","@id":"https:\/\/www.cirugiaginecologica.net\/?page_id=20#breadcrumb","itemListElement":[{"@type":"ListItem","position":1,"name":"Portada","item":"https:\/\/www.cirugiaginecologica.net\/"},{"@type":"ListItem","position":2,"name":"Cirug\u00eda Ginecol\u00f3gica"}]}]}},"_links":{"self":[{"href":"https:\/\/www.cirugiaginecologica.net\/index.php?rest_route=\/wp\/v2\/pages\/20","targetHints":{"allow":["GET"]}}],"collection":[{"href":"https:\/\/www.cirugiaginecologica.net\/index.php?rest_route=\/wp\/v2\/pages"}],"about":[{"href":"https:\/\/www.cirugiaginecologica.net\/index.php?rest_route=\/wp\/v2\/types\/page"}],"author":[{"embeddable":true,"href":"https:\/\/www.cirugiaginecologica.net\/index.php?rest_route=\/wp\/v2\/users\/2"}],"replies":[{"embeddable":true,"href":"https:\/\/www.cirugiaginecologica.net\/index.php?rest_route=%2Fwp%2Fv2%2Fcomments&post=20"}],"version-history":[{"count":20,"href":"https:\/\/www.cirugiaginecologica.net\/index.php?rest_route=\/wp\/v2\/pages\/20\/revisions"}],"predecessor-version":[{"id":1829,"href":"https:\/\/www.cirugiaginecologica.net\/index.php?rest_route=\/wp\/v2\/pages\/20\/revisions\/1829"}],"wp:attachment":[{"href":"https:\/\/www.cirugiaginecologica.net\/index.php?rest_route=%2Fwp%2Fv2%2Fmedia&parent=20"}],"curies":[{"name":"wp","href":"https:\/\/api.w.org\/{rel}","templated":true}]}}