{"id":107,"date":"2018-04-14T08:02:43","date_gmt":"2018-04-14T08:02:43","guid":{"rendered":"http:\/\/www.cirugiaginecologica.net\/?page_id=107"},"modified":"2021-01-20T13:29:15","modified_gmt":"2021-01-20T13:29:15","slug":"blog-julio-godoy-byerly","status":"publish","type":"page","link":"https:\/\/www.cirugiaginecologica.net\/?page_id=107","title":{"rendered":"Blog"},"content":{"rendered":"<p>[vc_row][vc_column][layerslider_vc id=\u00bb16&#8243;][\/vc_column][\/vc_row][vc_row][vc_column][vc_row_inner][vc_column_inner width=\u00bb1\/2&#8243;][vc_column_text]<\/p>\n<h4><strong>Introducci\u00f3n<\/strong><\/h4>\n<p class=\"bigP\" style=\"text-align: justify;\">En esta secci\u00f3n podr\u00e1s encontrar art\u00edculos editados por m\u00ed, Julio Godoy Byerly. sobre las diferentes patolog\u00eda benignas y malignas que estoy entrenado para tratar, tanto relacionados a mama como al sistema reproductor.\u00a0\u00a0 En los art\u00edculos intento ser lo m\u00e1s claro y expl\u00edcito posible para que las pacientes puedan comprender la informaci\u00f3n presentada con facilidad y se sientan identificadas.<\/p>\n<p>[\/vc_column_text][vc_column_text]<\/p>\n<h4><strong>Mi prop\u00f3sito<\/strong><\/h4>\n<p class=\"bigP\" style=\"text-align: justify;\">Con este blog, mi objetivo es ayudar a aliviar los niveles de ansiedad que normalmente se generan ante la aparici\u00f3n de <a href=\"https:\/\/www.cirugiaginecologica.net\/cancer-de-mama\/\">s\u00edntomas en las mamas<\/a> y\/o en el sistema reproductor femenino.\u00a0\u00a0\u00a0\u00a0 En los art\u00edculos hablo acerca de las causas, los tratamientos quir\u00fargicos y no quir\u00fargicos que recomiendo. Adem\u00e1s comparto consejos relacionados a h\u00e1bitos de vida para prevenir o aliviar enfermedades y s\u00edntomas. Hago especial \u00e9nfasis en la alimentaci\u00f3n porque creo fielmente que lo que comemos tiene el poder de hacernos sentir mejor o peor. Me he dado a la tarea de investigar en <a href=\"https:\/\/www.ncbi.nlm.nih.gov\/pubmed\/\">publicaciones m\u00e9dicas<\/a> estudios cient\u00edficos que soporten las conclusiones relacionadas a los alimentos y suplementos que aconsejo cuando hablo de estos temas.<\/p>\n<p>[\/vc_column_text][\/vc_column_inner][vc_column_inner width=\u00bb1\/2&#8243;][vc_column_text]<\/p>\n<h4><strong>Descripci\u00f3n del blog de Julio Godoy Byerly.<\/strong><\/h4>\n<p class=\"bigP\" style=\"text-align: justify;\">Los art\u00edculos no tienen un orden espec\u00edfico.\u00a0 Voy seleccionando los temas en funci\u00f3n a las preguntas que me hacen las pacientes. Si desea conocer m\u00e1s acerca de un tema en particular, no dude en escribirme para desarrollar un art\u00edculo que responda a sus inquietudes. Tambi\u00e9n me interesa conocer su retroalimentaci\u00f3n con respecto a los escritos; as\u00ed podr\u00e9 asegurar que el blog se mantenga relevante en el tiempo. Ojala la informaci\u00f3n les sirva de ayuda para tomar decisiones con mente clara y en control de sus emociones. Si alguna informaci\u00f3n presentada en estos art\u00edculos le parece lo suficiente interesante como para sostener una conversaci\u00f3n con respecto a su caso en particular, por favor haga una cita para conocer su historia cl\u00ednica y realizarle un examen f\u00edsico antes de darle mi formal opini\u00f3n con respecto a su condici\u00f3n.<\/p>\n<p class=\"bigP\" style=\"text-align: justify;\">Evito diagnosticar pacientes que no he tenido la oportunidad de hacerle una revisi\u00f3n m\u00e9dica porque opino que no es ni \u00e9tico ni profesional de mi parte ni tampoco es seguro para la paciente.<\/p>\n<p class=\"bigP\" style=\"text-align: justify;\">Me gusta mucho lo que hago y me gusta mucho poder compartirlo con ustedes. Mi nombre es Julio Godoy Byerly., soy ginec\u00f3logo onc\u00f3logo y estoy para servirle!.<\/p>\n<p>[\/vc_column_text][\/vc_column_inner][\/vc_row_inner][\/vc_column][\/vc_row][vc_row][vc_column][vc_basic_grid post_type=\u00bbpost\u00bb max_items=\u00bb-1&#8243; style=\u00bblazy\u00bb items_per_page=\u00bb5&#8243; grid_id=\u00bbvc_gid:1611149175761-1ccb477d-148b-10&#8243; taxonomies=\u00bb39&#8243;][\/vc_column][\/vc_row]<\/p>\n","protected":false},"excerpt":{"rendered":"<p>[vc_row][vc_column][layerslider_vc id=\u00bb16&#8243;][\/vc_column][\/vc_row][vc_row][vc_column][vc_row_inner][vc_column_inner width=\u00bb1\/2&#8243;][vc_column_text] Introducci\u00f3n En esta secci\u00f3n podr\u00e1s encontrar art\u00edculos editados por m\u00ed, Julio Godoy Byerly. sobre las diferentes patolog\u00eda benignas y malignas que estoy entrenado para tratar, tanto relacionados a mama como al sistema reproductor.\u00a0\u00a0 En los art\u00edculos intento ser lo m\u00e1s claro y expl\u00edcito posible para que las pacientes puedan comprender la informaci\u00f3n presentada con facilidad y se sientan identificadas. [\/vc_column_text][vc_column_text] Mi prop\u00f3sito Con este blog, mi objetivo es ayudar a aliviar los niveles de ansiedad que normalmente se generan ante la aparici\u00f3n de s\u00edntomas en las mamas [&hellip;]<\/p>\n","protected":false},"author":2,"featured_media":0,"parent":0,"menu_order":0,"comment_status":"closed","ping_status":"closed","template":"custom-template.php","meta":{"footnotes":""},"class_list":["post-107","page","type-page","status-publish","hentry"],"yoast_head":"<!-- This site is optimized with the Yoast SEO plugin v17.5 - https:\/\/yoast.com\/wordpress\/plugins\/seo\/ -->\n<meta name=\"description\" content=\"En esta secci\u00f3n podr\u00e1s encontrar art\u00edculos editados por Julio Godoy Byerly sobre las diferentes patolog\u00eda benignas y malignas\" \/>\n<meta name=\"robots\" content=\"index, follow, max-snippet:-1, max-image-preview:large, max-video-preview:-1\" \/>\n<link rel=\"canonical\" href=\"https:\/\/www.cirugiaginecologica.net\/?page_id=107\" \/>\n<meta property=\"og:locale\" content=\"es_ES\" \/>\n<meta property=\"og:type\" content=\"article\" \/>\n<meta property=\"og:title\" content=\"Julio Godoy Byerly: blog sobre patolog\u00edas ginecol\u00f3gicas\" \/>\n<meta property=\"og:description\" content=\"En esta secci\u00f3n podr\u00e1s encontrar art\u00edculos editados por Julio Godoy Byerly sobre las diferentes patolog\u00eda benignas y malignas\" \/>\n<meta property=\"og:url\" content=\"https:\/\/www.cirugiaginecologica.net\/?page_id=107\" \/>\n<meta property=\"og:site_name\" content=\"Cirug\u00eda Ginecol\u00f3gica\" \/>\n<meta property=\"article:publisher\" content=\"https:\/\/www.facebook.com\/cirugiaginecologicapanama\/\" \/>\n<meta property=\"article:modified_time\" content=\"2021-01-20T13:29:15+00:00\" \/>\n<meta name=\"twitter:card\" content=\"summary_large_image\" \/>\n<meta name=\"twitter:label1\" content=\"Tiempo de lectura\" \/>\n\t<meta name=\"twitter:data1\" content=\"2 minutos\" \/>\n<script type=\"application\/ld+json\" class=\"yoast-schema-graph\">{\"@context\":\"https:\/\/schema.org\",\"@graph\":[{\"@type\":\"WebSite\",\"@id\":\"https:\/\/www.cirugiaginecologica.net\/#website\",\"url\":\"https:\/\/www.cirugiaginecologica.net\/\",\"name\":\"Cirug\\u00eda Ginecol\\u00f3gica\",\"description\":\"Dr. Julio Godoy BYERLY\",\"potentialAction\":[{\"@type\":\"SearchAction\",\"target\":{\"@type\":\"EntryPoint\",\"urlTemplate\":\"https:\/\/www.cirugiaginecologica.net\/?s={search_term_string}\"},\"query-input\":\"required name=search_term_string\"}],\"inLanguage\":\"es\"},{\"@type\":\"WebPage\",\"@id\":\"https:\/\/www.cirugiaginecologica.net\/?page_id=107#webpage\",\"url\":\"https:\/\/www.cirugiaginecologica.net\/?page_id=107\",\"name\":\"Julio Godoy Byerly: blog sobre patolog\\u00edas ginecol\\u00f3gicas\",\"isPartOf\":{\"@id\":\"https:\/\/www.cirugiaginecologica.net\/#website\"},\"datePublished\":\"2018-04-14T08:02:43+00:00\",\"dateModified\":\"2021-01-20T13:29:15+00:00\",\"description\":\"En esta secci\\u00f3n podr\\u00e1s encontrar art\\u00edculos editados por Julio Godoy Byerly sobre las diferentes patolog\\u00eda benignas y malignas\",\"breadcrumb\":{\"@id\":\"https:\/\/www.cirugiaginecologica.net\/?page_id=107#breadcrumb\"},\"inLanguage\":\"es\",\"potentialAction\":[{\"@type\":\"ReadAction\",\"target\":[\"https:\/\/www.cirugiaginecologica.net\/?page_id=107\"]}]},{\"@type\":\"BreadcrumbList\",\"@id\":\"https:\/\/www.cirugiaginecologica.net\/?page_id=107#breadcrumb\",\"itemListElement\":[{\"@type\":\"ListItem\",\"position\":1,\"name\":\"Portada\",\"item\":\"https:\/\/www.cirugiaginecologica.net\/\"},{\"@type\":\"ListItem\",\"position\":2,\"name\":\"Blog\"}]}]}<\/script>\n<!-- \/ Yoast SEO plugin. -->","yoast_head_json":{"description":"En esta secci\u00f3n podr\u00e1s encontrar art\u00edculos editados por Julio Godoy Byerly sobre las diferentes patolog\u00eda benignas y malignas","robots":{"index":"index","follow":"follow","max-snippet":"max-snippet:-1","max-image-preview":"max-image-preview:large","max-video-preview":"max-video-preview:-1"},"canonical":"https:\/\/www.cirugiaginecologica.net\/?page_id=107","og_locale":"es_ES","og_type":"article","og_title":"Julio Godoy Byerly: blog sobre patolog\u00edas ginecol\u00f3gicas","og_description":"En esta secci\u00f3n podr\u00e1s encontrar art\u00edculos editados por Julio Godoy Byerly sobre las diferentes patolog\u00eda benignas y malignas","og_url":"https:\/\/www.cirugiaginecologica.net\/?page_id=107","og_site_name":"Cirug\u00eda Ginecol\u00f3gica","article_publisher":"https:\/\/www.facebook.com\/cirugiaginecologicapanama\/","article_modified_time":"2021-01-20T13:29:15+00:00","twitter_card":"summary_large_image","twitter_misc":{"Tiempo de lectura":"2 minutos"},"schema":{"@context":"https:\/\/schema.org","@graph":[{"@type":"WebSite","@id":"https:\/\/www.cirugiaginecologica.net\/#website","url":"https:\/\/www.cirugiaginecologica.net\/","name":"Cirug\u00eda Ginecol\u00f3gica","description":"Dr. Julio Godoy BYERLY","potentialAction":[{"@type":"SearchAction","target":{"@type":"EntryPoint","urlTemplate":"https:\/\/www.cirugiaginecologica.net\/?s={search_term_string}"},"query-input":"required name=search_term_string"}],"inLanguage":"es"},{"@type":"WebPage","@id":"https:\/\/www.cirugiaginecologica.net\/?page_id=107#webpage","url":"https:\/\/www.cirugiaginecologica.net\/?page_id=107","name":"Julio Godoy Byerly: blog sobre patolog\u00edas ginecol\u00f3gicas","isPartOf":{"@id":"https:\/\/www.cirugiaginecologica.net\/#website"},"datePublished":"2018-04-14T08:02:43+00:00","dateModified":"2021-01-20T13:29:15+00:00","description":"En esta secci\u00f3n podr\u00e1s encontrar art\u00edculos editados por Julio Godoy Byerly sobre las diferentes patolog\u00eda benignas y malignas","breadcrumb":{"@id":"https:\/\/www.cirugiaginecologica.net\/?page_id=107#breadcrumb"},"inLanguage":"es","potentialAction":[{"@type":"ReadAction","target":["https:\/\/www.cirugiaginecologica.net\/?page_id=107"]}]},{"@type":"BreadcrumbList","@id":"https:\/\/www.cirugiaginecologica.net\/?page_id=107#breadcrumb","itemListElement":[{"@type":"ListItem","position":1,"name":"Portada","item":"https:\/\/www.cirugiaginecologica.net\/"},{"@type":"ListItem","position":2,"name":"Blog"}]}]}},"_links":{"self":[{"href":"https:\/\/www.cirugiaginecologica.net\/index.php?rest_route=\/wp\/v2\/pages\/107","targetHints":{"allow":["GET"]}}],"collection":[{"href":"https:\/\/www.cirugiaginecologica.net\/index.php?rest_route=\/wp\/v2\/pages"}],"about":[{"href":"https:\/\/www.cirugiaginecologica.net\/index.php?rest_route=\/wp\/v2\/types\/page"}],"author":[{"embeddable":true,"href":"https:\/\/www.cirugiaginecologica.net\/index.php?rest_route=\/wp\/v2\/users\/2"}],"replies":[{"embeddable":true,"href":"https:\/\/www.cirugiaginecologica.net\/index.php?rest_route=%2Fwp%2Fv2%2Fcomments&post=107"}],"version-history":[{"count":30,"href":"https:\/\/www.cirugiaginecologica.net\/index.php?rest_route=\/wp\/v2\/pages\/107\/revisions"}],"predecessor-version":[{"id":2943,"href":"https:\/\/www.cirugiaginecologica.net\/index.php?rest_route=\/wp\/v2\/pages\/107\/revisions\/2943"}],"wp:attachment":[{"href":"https:\/\/www.cirugiaginecologica.net\/index.php?rest_route=%2Fwp%2Fv2%2Fmedia&parent=107"}],"curies":[{"name":"wp","href":"https:\/\/api.w.org\/{rel}","templated":true}]}}